{"id":19013,"date":"2023-05-16T14:39:39","date_gmt":"2023-05-16T14:39:39","guid":{"rendered":"https:\/\/iav-online.de\/?page_id=19013"},"modified":"2025-10-20T07:05:19","modified_gmt":"2025-10-20T07:05:19","slug":"public-relations","status":"publish","type":"page","link":"https:\/\/iav-online.de\/en\/public-relations\/","title":{"rendered":"Public Relations"},"content":{"rendered":"<div class=\"wpb-content-wrapper\"><p>[vc_row enable_content_animation=&#8221;yes&#8221; ca_init_scale_x=&#8221;1&#8243; ca_init_scale_y=&#8221;1&#8243; ca_init_scale_z=&#8221;1&#8243; ca_init_opacity=&#8221;0&#8243; ca_an_scale_x=&#8221;1&#8243; ca_an_scale_y=&#8221;1&#8243; ca_an_scale_z=&#8221;1&#8243; ca_an_opacity=&#8221;1&#8243; css=&#8221;.vc_custom_1537957389446{margin-top: 60px !important;padding-top: 55px !important;padding-bottom: 50px !important;}&#8221; ca_duration=&#8221;1200&#8243; ca_delay=&#8221;160&#8243; ca_init_translate_x=&#8221;-37&#8243;][vc_column][vc_column_text]<\/p>\n<h2>We are the voice of regional employers.<\/h2>\n<p>Representing the interests of regional employers \u2013 what exactly does that mean?<br \/>\nWe know what the companies are currently concerned about. We make this visible with our public relations work. What role do companies play in the social market economy? How does demographic change affect the demand for skilled workers? We inform the press and politicians about important economic and social contexts and publish employer viewpoints. Specifically:<\/p>\n<p><img loading=\"lazy\" decoding=\"async\" class=\"alignnone wp-image-7562 \" src=\"https:\/\/iav-online.de\/wp-content\/uploads\/2023\/04\/right_s1.png\" alt=\"Public Relations\" width=\"12\" height=\"15\" \/> We bring our members&#8217; concerns into the public debate.<\/p>\n<p><img loading=\"lazy\" decoding=\"async\" class=\"alignnone wp-image-7562 \" src=\"https:\/\/iav-online.de\/wp-content\/uploads\/2023\/04\/right_s1.png\" alt=\"Public Relations\" width=\"12\" height=\"15\" \/> We take a clear position on economic issues.<\/p>\n<p><img loading=\"lazy\" decoding=\"async\" class=\"alignnone wp-image-7562 \" src=\"https:\/\/iav-online.de\/wp-content\/uploads\/2023\/04\/right_s1.png\" alt=\"Public Relations\" width=\"12\" height=\"15\" \/> We break down prejudices and create economic understanding.<\/p>\n<p><img loading=\"lazy\" decoding=\"async\" class=\"alignnone wp-image-7562 \" src=\"https:\/\/iav-online.de\/wp-content\/uploads\/2023\/04\/right_s1.png\" alt=\"Public Relations\" width=\"12\" height=\"15\" \/> We promote dialogue between companies and the public.<\/p>\n<p><img loading=\"lazy\" decoding=\"async\" class=\"alignnone wp-image-7562 \" src=\"https:\/\/iav-online.de\/wp-content\/uploads\/2023\/04\/right_s1.png\" alt=\"Public Relations\" width=\"12\" height=\"15\" \/> We bring business, politics, administration and education together in events and discussions.<\/p>\n<p><img loading=\"lazy\" decoding=\"async\" class=\"alignnone wp-image-7562 \" src=\"https:\/\/iav-online.de\/wp-content\/uploads\/2023\/04\/right_s1.png\" alt=\"Public Relations\" width=\"12\" height=\"15\" \/> We establish contacts and expand our network.[\/vc_column_text][vc_empty_space][vc_row_inner][vc_column_inner width=&#8221;1\/2&#8243;][vc_cta h2=&#8221;Press&#8221; shape=&#8221;square&#8221; add_button=&#8221;bottom&#8221; btn_title=&#8221;Press&#8221; btn_style=&#8221;custom&#8221; btn_custom_background=&#8221;#014d7f&#8221; btn_custom_text=&#8221;#ffffff&#8221; btn_shape=&#8221;square&#8221; btn_link=&#8221;url:https%3A%2F%2Fiav-online.de%2Fen%2Fpress%2F|title:Press&#8221;]From press releases or interviews to newsletters and annual reports \u2013 we use a variety of media to spread the word about our topics. Feel free to have a look.[\/vc_cta][\/vc_column_inner][vc_column_inner width=&#8221;1\/2&#8243;][vc_cta h2=&#8221;Member area&#8221; shape=&#8221;square&#8221; add_button=&#8221;bottom&#8221; btn_title=&#8221;Member area&#8221; btn_style=&#8221;custom&#8221; btn_custom_background=&#8221;#014d7f&#8221; btn_custom_text=&#8221;#ffffff&#8221; btn_shape=&#8221;square&#8221; btn_link=&#8221;url:https%3A%2F%2Fiav-online.de%2Fen%2Fmember-area%2F|title:Member%20area&#8221;]In our circulars, we regularly inform members about current legal issues or economic figures, data and facts. The circulars are available for download in the member area.[\/vc_cta][\/vc_column_inner][\/vc_row_inner][vc_empty_space][vc_column_text]<\/p>\n<h3>For the media:<\/h3>\n<p>Do you need further information, a statement on current topics, or simply a contact in the regional economy? Feel free to contact us![\/vc_column_text][\/vc_column][\/vc_row][vc_row content_placement=&#8221;middle&#8221; css=&#8221;.vc_custom_1685014027325{padding-top: 60px !important;padding-bottom: 60px !important;background-color: #f6f6f6 !important;}&#8221;][vc_column width=&#8221;2\/3&#8243;][vc_row_inner content_placement=&#8221;middle&#8221;][vc_column_inner width=&#8221;2\/5&#8243;][vc_single_image image=&#8221;24386&#8243; img_size=&#8221;medium&#8221; style=&#8221;vc_box_circle_2&#8243; css=&#8221;&#8221;][\/vc_column_inner][vc_column_inner width=&#8221;3\/5&#8243;][vc_column_text]<\/p>\n<h3><strong>Contact<\/strong><\/h3>\n<p>Sabine St\u00f6hr<br \/>\nGesch\u00e4ftsf\u00fchrerin und stv. Hauptgesch\u00e4ftsf\u00fchrerin<br \/>\nLeitung Kommunikation und Bildung<\/p>\n<p>Phone: 0541 77068-23<br \/>\nE-mail: <a href=\"mailto:stoehr@iav-online.de\">stoehr@iav-online.de<\/a>[\/vc_column_text][\/vc_column_inner][\/vc_row_inner][\/vc_column][vc_column width=&#8221;1\/3&#8243;][\/vc_column][\/vc_row]<\/p>\n<\/div>","protected":false},"excerpt":{"rendered":"<p>[vc_row enable_content_animation=&#8221;yes&#8221; ca_init_scale_x=&#8221;1&#8243; ca_init_scale_y=&#8221;1&#8243; ca_init_scale_z=&#8221;1&#8243; ca_init_opacity=&#8221;0&#8243; ca_an_scale_x=&#8221;1&#8243; ca_an_scale_y=&#8221;1&#8243; ca_an_scale_z=&#8221;1&#8243; ca_an_opacity=&#8221;1&#8243; css=&#8221;.vc_custom_1537957389446{margin-top: 60px !important;padding-top: 55px !important;padding-bottom:&#8230;<\/p>\n","protected":false},"author":4,"featured_media":0,"parent":0,"menu_order":0,"comment_status":"closed","ping_status":"closed","template":"","meta":{"footnotes":""},"class_list":["post-19013","page","type-page","status-publish","hentry"],"_links":{"self":[{"href":"https:\/\/iav-online.de\/en\/wp-json\/wp\/v2\/pages\/19013","targetHints":{"allow":["GET"]}}],"collection":[{"href":"https:\/\/iav-online.de\/en\/wp-json\/wp\/v2\/pages"}],"about":[{"href":"https:\/\/iav-online.de\/en\/wp-json\/wp\/v2\/types\/page"}],"author":[{"embeddable":true,"href":"https:\/\/iav-online.de\/en\/wp-json\/wp\/v2\/users\/4"}],"replies":[{"embeddable":true,"href":"https:\/\/iav-online.de\/en\/wp-json\/wp\/v2\/comments?post=19013"}],"version-history":[{"count":7,"href":"https:\/\/iav-online.de\/en\/wp-json\/wp\/v2\/pages\/19013\/revisions"}],"predecessor-version":[{"id":24394,"href":"https:\/\/iav-online.de\/en\/wp-json\/wp\/v2\/pages\/19013\/revisions\/24394"}],"wp:attachment":[{"href":"https:\/\/iav-online.de\/en\/wp-json\/wp\/v2\/media?parent=19013"}],"curies":[{"name":"wp","href":"https:\/\/api.w.org\/{rel}","templated":true}]}}